{"id":622,"date":"2024-10-03T10:18:31","date_gmt":"2024-10-03T08:18:31","guid":{"rendered":"https:\/\/depaula.cat\/politica-de-cookies\/"},"modified":"2024-10-04T11:03:01","modified_gmt":"2024-10-04T09:03:01","slug":"politica-de-cookies","status":"publish","type":"page","link":"https:\/\/depaula.cat\/ca\/politica-de-cookies\/","title":{"rendered":"Pol\u00edtica de cookies"},"content":{"rendered":"\n\t<section class=\"section\" id=\"section_1151236477\">\n\t\t<div class=\"section-bg fill\" >\n\t\t\t\t\t\t\t\t\t\n\t\t\t\n\n\t\t<\/div>\n\n\t\t\n\n\t\t<div class=\"section-content relative\">\n\t\t\t\n<div class=\"row\"  id=\"row-800889433\">\n\n\t<div id=\"col-284288299\" class=\"col small-12 large-12\"  >\n\t\t\t\t<div class=\"col-inner\"  >\n\t\t\t\n\t\t\t\n<h1>POL\u00cdTICA DE COOKIES<\/h1>\n<p><strong>\u00bfQu\u00e9 son las cookies?<\/strong><\/p>\n<p>Una cookie es un fichero que se descarga en su ordenador al acceder a determinadas p\u00e1ginas web. Las cookies permiten a una p\u00e1gina web, entre otras cosas, almacenar y recuperar informaci\u00f3n sobre h\u00e1bitos de navegaci\u00f3n de un usuario o de su equipo y, dependiendo de la informaci\u00f3n que contengan y de la forma que utilice su equipo, pueden utilizarse para reconocer al usuario.<\/p>\n<p><strong>\u00bfPara qu\u00e9 utiliza las cookies esta p\u00e1gina web y cu\u00e1les son?<\/strong><\/p>\n<p>Esta p\u00e1gina web utiliza las cookies para una serie de finalidades, incluidas:<\/p>\n<ul>\n<li>An\u00e1lisis: son aquellas cookies que bien, tratadas por nosotros o por terceros, nos permiten cuantificar el n\u00famero de usuarios y as\u00ed realizar la medici\u00f3n y an\u00e1lisis estad\u00edstico de la utilizaci\u00f3n que hacen los usuarios del servicio. Para ello se analiza su navegaci\u00f3n en nuestra p\u00e1gina web con el fin de mejorar la experiencia del usuario.<\/li>\n<\/ul>\n<p>El detalle de las cookies utilizadas en esta p\u00e1gina web es el siguiente:<\/p>\n<table>\n<tbody>\n<tr>\n<td width=\"60\">\n<p><strong>Cookies<\/strong><\/p>\n<\/td>\n<td width=\"78\">\n<p><strong>Nombre<\/strong><\/p>\n<\/td>\n<td width=\"72\">\n<p><strong>Tipo<\/strong><\/p>\n<\/td>\n<td width=\"240\">\n<p><strong>Prop\u00f3sito<\/strong><\/p>\n<\/td>\n<td width=\"150\">\n<p><strong>M\u00e1s informaci\u00f3n<\/strong><\/p>\n<\/td>\n<\/tr>\n<tr>\n<td width=\"0\">\n<p>__utma __utmb __utmc __utmz _ga _gat<\/p>\n<\/td>\n<td width=\"0\">\n<p>Google Analytics<\/p>\n<\/td>\n<td width=\"0\">\n<p>De terceros<\/p>\n<\/td>\n<td width=\"0\">\n<p>Recoger informaci\u00f3n sobre la navegaci\u00f3n de los usuarios por el sitio con el fin de conocer el origen de las visitas y otros datos similares a nivel estad\u00edstico. No obtiene datos de los nombres o apellidos de los usuarios ni de la direcci\u00f3n postal concreta desde donde se conectan<\/p>\n<\/td>\n<td width=\"0\">\n<p>Google Analytics Centro de privacidad de Google: http:\/\/www.google.com\/intl\/es\/policies\/privacy\/<\/p>\n<\/td>\n<\/tr>\n<\/tbody>\n<\/table>\n<p>\u00a0<\/p>\n<p>Nota: Las cookies de tipo &#8216;Propias&#8217; son utilizadas s\u00f3lo por el propietario de esta web y las cookies &#8216;De terceros&#8217; son utilizadas, por el prestador del servicio que est\u00e1 detallado en el cuadro anterior.<\/p>\n<p><strong>\u00bfC\u00f3mo puedo desactivar o eliminar estas cookies?<\/strong><\/p>\n<p>Puede usted permitir, bloquear o eliminar las cookies instaladas en su equipo mediante la configuraci\u00f3n de las opciones del navegador instalado en su ordenador:<\/p>\n<p>Firefox: http:\/\/support.mozilla.org\/es\/kb\/habilitar-y-deshabilitar-cookies-que-los-sitios-we<\/p>\n<p>Chrome: http:\/\/support.google.com\/chrome\/bin\/answer.py?hl=es&amp;answer=95647<\/p>\n<p>Explorer: htttp:\/\/windows.microsoft.com\/es-es\/windows7\/how-to-manage-cookies-in-internet-explorer-9<\/p>\n<p>Safari: http:\/\/support.apple.com\/kb\/ph5042<\/p>\n<p>Opera: http:\/\/help.opera.com\/Windows\/11.50\/es-ES\/cookies.html<\/p>\n<p>Otros navegadores<\/p>\n<p>Consulte la documentaci\u00f3n del navegador que tenga instalado.<\/p>\n<p>Complemento de inhabilitaci\u00f3n para navegadores de Google Analytics<\/p>\n<p>Si desea rechazar las cookies anal\u00edticas de Google Analytics en todos los navegadores, de forma que no se env\u00ede informaci\u00f3n suya a Google Analytics, puede descargar un complemento que realiza esta funci\u00f3n desde este enlace: <a href=\"https:\/\/tools.google.com\/dlpage\/gaoptout\">https:\/\/tools.google.com\/dlpage\/gaoptout<\/a>.<\/p>\n<p><strong>Ejercicio de derechos<\/strong><\/p>\n<p>Puede conocer y ejercer sus derechos en materia de protecci\u00f3n de datos accediendo a nuestra Pol\u00edtica de Privacidad.<\/p>\n\t\t<\/div>\n\t\t\t\t\t<\/div>\n\n\t\n<\/div>\n\t\t<\/div>\n\n\t\t\n<style>\n#section_1151236477 {\n  padding-top: 30px;\n  padding-bottom: 30px;\n}\n<\/style>\n\t<\/section>\n\t\n","protected":false},"excerpt":{"rendered":"","protected":false},"author":1,"featured_media":0,"parent":0,"menu_order":0,"comment_status":"closed","ping_status":"closed","template":"","meta":{"_acf_changed":false,"footnotes":""},"class_list":["post-622","page","type-page","status-publish","hentry"],"acf":[],"yoast_head":"<!-- This site is optimized with the Yoast SEO plugin v27.4 - https:\/\/yoast.com\/product\/yoast-seo-wordpress\/ -->\n<title>Pol\u00edtica de cookies - De Paula - L&#039;hamburgueseria del Poble Sec<\/title>\n<meta name=\"robots\" content=\"index, follow, max-snippet:-1, max-image-preview:large, max-video-preview:-1\" \/>\n<link rel=\"canonical\" href=\"https:\/\/depaula.cat\/ca\/politica-de-cookies\/\" \/>\n<meta property=\"og:locale\" content=\"ca_ES\" \/>\n<meta property=\"og:type\" content=\"article\" \/>\n<meta property=\"og:title\" content=\"Pol\u00edtica de cookies - De Paula - L&#039;hamburgueseria del Poble Sec\" \/>\n<meta property=\"og:url\" content=\"https:\/\/depaula.cat\/ca\/politica-de-cookies\/\" \/>\n<meta property=\"og:site_name\" content=\"De Paula - L&#039;hamburgueseria del Poble Sec\" \/>\n<meta property=\"article:modified_time\" content=\"2024-10-04T09:03:01+00:00\" \/>\n<meta name=\"twitter:card\" content=\"summary_large_image\" \/>\n<meta name=\"twitter:label1\" content=\"Temps estimat de lectura\" \/>\n\t<meta name=\"twitter:data1\" content=\"2 minuts\" \/>\n<script type=\"application\/ld+json\" class=\"yoast-schema-graph\">{\"@context\":\"https:\\\/\\\/schema.org\",\"@graph\":[{\"@type\":\"WebPage\",\"@id\":\"https:\\\/\\\/depaula.cat\\\/ca\\\/politica-de-cookies\\\/\",\"url\":\"https:\\\/\\\/depaula.cat\\\/ca\\\/politica-de-cookies\\\/\",\"name\":\"Pol\u00edtica de cookies - De Paula - L&#039;hamburgueseria del Poble Sec\",\"isPartOf\":{\"@id\":\"https:\\\/\\\/depaula.cat\\\/ca\\\/#website\"},\"datePublished\":\"2024-10-03T08:18:31+00:00\",\"dateModified\":\"2024-10-04T09:03:01+00:00\",\"breadcrumb\":{\"@id\":\"https:\\\/\\\/depaula.cat\\\/ca\\\/politica-de-cookies\\\/#breadcrumb\"},\"inLanguage\":\"ca\",\"potentialAction\":[{\"@type\":\"ReadAction\",\"target\":[\"https:\\\/\\\/depaula.cat\\\/ca\\\/politica-de-cookies\\\/\"]}]},{\"@type\":\"BreadcrumbList\",\"@id\":\"https:\\\/\\\/depaula.cat\\\/ca\\\/politica-de-cookies\\\/#breadcrumb\",\"itemListElement\":[{\"@type\":\"ListItem\",\"position\":1,\"name\":\"Portada\",\"item\":\"https:\\\/\\\/depaula.cat\\\/ca\\\/\"},{\"@type\":\"ListItem\",\"position\":2,\"name\":\"Pol\u00edtica de cookies\"}]},{\"@type\":\"WebSite\",\"@id\":\"https:\\\/\\\/depaula.cat\\\/ca\\\/#website\",\"url\":\"https:\\\/\\\/depaula.cat\\\/ca\\\/\",\"name\":\"De Paula - L'hamburgueseria del Poble Sec\",\"description\":\"De Paula\",\"publisher\":{\"@id\":\"https:\\\/\\\/depaula.cat\\\/ca\\\/#organization\"},\"potentialAction\":[{\"@type\":\"SearchAction\",\"target\":{\"@type\":\"EntryPoint\",\"urlTemplate\":\"https:\\\/\\\/depaula.cat\\\/ca\\\/?s={search_term_string}\"},\"query-input\":{\"@type\":\"PropertyValueSpecification\",\"valueRequired\":true,\"valueName\":\"search_term_string\"}}],\"inLanguage\":\"ca\"},{\"@type\":\"Organization\",\"@id\":\"https:\\\/\\\/depaula.cat\\\/ca\\\/#organization\",\"name\":\"De Paula - L'hamburgueseria del Poble Sec\",\"url\":\"https:\\\/\\\/depaula.cat\\\/ca\\\/\",\"logo\":{\"@type\":\"ImageObject\",\"inLanguage\":\"ca\",\"@id\":\"https:\\\/\\\/depaula.cat\\\/ca\\\/#\\\/schema\\\/logo\\\/image\\\/\",\"url\":\"https:\\\/\\\/depaula.cat\\\/wp-content\\\/uploads\\\/2024\\\/08\\\/logodepaula.png\",\"contentUrl\":\"https:\\\/\\\/depaula.cat\\\/wp-content\\\/uploads\\\/2024\\\/08\\\/logodepaula.png\",\"width\":477,\"height\":95,\"caption\":\"De Paula - L'hamburgueseria del Poble Sec\"},\"image\":{\"@id\":\"https:\\\/\\\/depaula.cat\\\/ca\\\/#\\\/schema\\\/logo\\\/image\\\/\"}}]}<\/script>\n<!-- \/ Yoast SEO plugin. -->","yoast_head_json":{"title":"Pol\u00edtica de cookies - De Paula - L&#039;hamburgueseria del Poble Sec","robots":{"index":"index","follow":"follow","max-snippet":"max-snippet:-1","max-image-preview":"max-image-preview:large","max-video-preview":"max-video-preview:-1"},"canonical":"https:\/\/depaula.cat\/ca\/politica-de-cookies\/","og_locale":"ca_ES","og_type":"article","og_title":"Pol\u00edtica de cookies - De Paula - L&#039;hamburgueseria del Poble Sec","og_url":"https:\/\/depaula.cat\/ca\/politica-de-cookies\/","og_site_name":"De Paula - L&#039;hamburgueseria del Poble Sec","article_modified_time":"2024-10-04T09:03:01+00:00","twitter_card":"summary_large_image","twitter_misc":{"Temps estimat de lectura":"2 minuts"},"schema":{"@context":"https:\/\/schema.org","@graph":[{"@type":"WebPage","@id":"https:\/\/depaula.cat\/ca\/politica-de-cookies\/","url":"https:\/\/depaula.cat\/ca\/politica-de-cookies\/","name":"Pol\u00edtica de cookies - De Paula - L&#039;hamburgueseria del Poble Sec","isPartOf":{"@id":"https:\/\/depaula.cat\/ca\/#website"},"datePublished":"2024-10-03T08:18:31+00:00","dateModified":"2024-10-04T09:03:01+00:00","breadcrumb":{"@id":"https:\/\/depaula.cat\/ca\/politica-de-cookies\/#breadcrumb"},"inLanguage":"ca","potentialAction":[{"@type":"ReadAction","target":["https:\/\/depaula.cat\/ca\/politica-de-cookies\/"]}]},{"@type":"BreadcrumbList","@id":"https:\/\/depaula.cat\/ca\/politica-de-cookies\/#breadcrumb","itemListElement":[{"@type":"ListItem","position":1,"name":"Portada","item":"https:\/\/depaula.cat\/ca\/"},{"@type":"ListItem","position":2,"name":"Pol\u00edtica de cookies"}]},{"@type":"WebSite","@id":"https:\/\/depaula.cat\/ca\/#website","url":"https:\/\/depaula.cat\/ca\/","name":"De Paula - L'hamburgueseria del Poble Sec","description":"De Paula","publisher":{"@id":"https:\/\/depaula.cat\/ca\/#organization"},"potentialAction":[{"@type":"SearchAction","target":{"@type":"EntryPoint","urlTemplate":"https:\/\/depaula.cat\/ca\/?s={search_term_string}"},"query-input":{"@type":"PropertyValueSpecification","valueRequired":true,"valueName":"search_term_string"}}],"inLanguage":"ca"},{"@type":"Organization","@id":"https:\/\/depaula.cat\/ca\/#organization","name":"De Paula - L'hamburgueseria del Poble Sec","url":"https:\/\/depaula.cat\/ca\/","logo":{"@type":"ImageObject","inLanguage":"ca","@id":"https:\/\/depaula.cat\/ca\/#\/schema\/logo\/image\/","url":"https:\/\/depaula.cat\/wp-content\/uploads\/2024\/08\/logodepaula.png","contentUrl":"https:\/\/depaula.cat\/wp-content\/uploads\/2024\/08\/logodepaula.png","width":477,"height":95,"caption":"De Paula - L'hamburgueseria del Poble Sec"},"image":{"@id":"https:\/\/depaula.cat\/ca\/#\/schema\/logo\/image\/"}}]}},"_links":{"self":[{"href":"https:\/\/depaula.cat\/ca\/wp-json\/wp\/v2\/pages\/622","targetHints":{"allow":["GET"]}}],"collection":[{"href":"https:\/\/depaula.cat\/ca\/wp-json\/wp\/v2\/pages"}],"about":[{"href":"https:\/\/depaula.cat\/ca\/wp-json\/wp\/v2\/types\/page"}],"author":[{"embeddable":true,"href":"https:\/\/depaula.cat\/ca\/wp-json\/wp\/v2\/users\/1"}],"replies":[{"embeddable":true,"href":"https:\/\/depaula.cat\/ca\/wp-json\/wp\/v2\/comments?post=622"}],"version-history":[{"count":0,"href":"https:\/\/depaula.cat\/ca\/wp-json\/wp\/v2\/pages\/622\/revisions"}],"wp:attachment":[{"href":"https:\/\/depaula.cat\/ca\/wp-json\/wp\/v2\/media?parent=622"}],"curies":[{"name":"wp","href":"https:\/\/api.w.org\/{rel}","templated":true}]}}